{"id":10,"date":"2019-10-21T13:50:13","date_gmt":"2019-10-21T13:50:13","guid":{"rendered":"http:\/\/elektroservice-mg.de\/?page_id=10"},"modified":"2019-10-22T12:27:42","modified_gmt":"2019-10-22T12:27:42","slug":"datenschutz","status":"publish","type":"page","link":"https:\/\/elektroservice-mg.de\/?page_id=10","title":{"rendered":"Datenschutz"},"content":{"rendered":"\t\t<div data-elementor-type=\"wp-page\" data-elementor-id=\"10\" class=\"elementor elementor-10\">\n\t\t\t\t\t\t<section class=\"elementor-section elementor-top-section elementor-element elementor-element-564efa49 elementor-section-height-min-height elementor-section-stretched elementor-section-boxed elementor-section-height-default elementor-section-items-middle\" data-id=\"564efa49\" data-element_type=\"section\" data-e-type=\"section\" data-settings=\"{&quot;background_background&quot;:&quot;classic&quot;,&quot;stretch_section&quot;:&quot;section-stretched&quot;}\">\n\t\t\t\t\t\t\t<div class=\"elementor-background-overlay\"><\/div>\n\t\t\t\t\t\t\t<div class=\"elementor-container elementor-column-gap-default\">\n\t\t\t\t\t<div class=\"elementor-column elementor-col-100 elementor-top-column elementor-element elementor-element-1a519078\" data-id=\"1a519078\" data-element_type=\"column\" data-e-type=\"column\">\n\t\t\t<div class=\"elementor-widget-wrap elementor-element-populated\">\n\t\t\t\t\t\t<div class=\"elementor-element elementor-element-2be71b13 elementor-widget elementor-widget-heading\" data-id=\"2be71b13\" data-element_type=\"widget\" data-e-type=\"widget\" data-widget_type=\"heading.default\">\n\t\t\t\t<div class=\"elementor-widget-container\">\n\t\t\t\t\t<h2 class=\"elementor-heading-title elementor-size-large\">DATENSCHUTZ<\/h2>\t\t\t\t<\/div>\n\t\t\t\t<\/div>\n\t\t\t\t<div class=\"elementor-element elementor-element-5d8d3727 elementor-widget-divider--view-line elementor-widget elementor-widget-divider\" data-id=\"5d8d3727\" data-element_type=\"widget\" data-e-type=\"widget\" data-widget_type=\"divider.default\">\n\t\t\t\t<div class=\"elementor-widget-container\">\n\t\t\t\t\t\t\t<div class=\"elementor-divider\">\n\t\t\t<span class=\"elementor-divider-separator\">\n\t\t\t\t\t\t<\/span>\n\t\t<\/div>\n\t\t\t\t\t\t<\/div>\n\t\t\t\t<\/div>\n\t\t\t\t<div class=\"elementor-element elementor-element-2acb26f elementor-widget elementor-widget-text-editor\" data-id=\"2acb26f\" data-element_type=\"widget\" data-e-type=\"widget\" data-widget_type=\"text-editor.default\">\n\t\t\t\t<div class=\"elementor-widget-container\">\n\t\t\t\t\t\t\t\t\t<p><strong><span style=\"font-family: 'Arial',sans-serif;\">Ihre Betroffenenrechte<\/span><\/strong><\/p><p><span class=\"xrtl\">Unter den angegebenen Kontaktdaten k\u00f6nnen Sie jederzeit folgende Rechte aus\u00fcben:<\/span><\/p><p><span class=\"xrtl\">\u2022<\/span> <span class=\"xrtl\">Auskunft \u00fcber Ihre bei uns gespeicherten Daten und deren Verarbeitung<\/span><\/p><p><span class=\"xrtl\">\u2022<\/span> <span class=\"xrtl\">Berichtigung unrichtiger personenbezogener Daten<\/span><\/p><p><span class=\"xrtl\">\u2022<\/span> <span class=\"xrtl\">L\u00f6schung Ihrer bei uns gespeicherten Daten<\/span><\/p><p><span class=\"xrtl\">\u2022<\/span> <span class=\"xrtl\">Einschr\u00e4nkung der Datenverarbeitung, sofern wir Ihre Daten aufgrund gesetzlicher Pflichten noch nicht l\u00f6schen d\u00fcrfen<\/span><\/p><p><span class=\"xrtl\">\u2022<\/span> <span class=\"xrtl\">Widerspruch gegen die Verarbeitung Ihrer Daten bei uns<\/span><\/p><p><span class=\"xrtl\">\u2022<\/span> <span class=\"xrtl\">Daten\u00fcbertragbarkeit, sofern Sie in die Datenverarbeitung eingewilligt haben oder einen Vertrag mit uns abgeschlossen haben.<\/span><\/p><p><span class=\"xrtl\">Sofern Sie uns eine Einwilligung erteilt haben, k\u00f6nnen Sie diese jederzeit mit Wirkung f\u00fcr die Zukunft widerrufen.<\/span> <span class=\"xrtl\">Sie<\/span> <span class=\"xrtl\">k\u00f6nnen<\/span> <span class=\"xrtl\">sich<\/span> <span class=\"xrtl\">jederzeit<\/span> <span class=\"xrtl\">mit<\/span> <span class=\"xrtl\">einer<\/span> <span class=\"xrtl\">Beschwerde<\/span> <span class=\"xrtl\">an<\/span> <span class=\"xrtl\">die<\/span> <span class=\"xrtl\">f\u00fcr<\/span> <span class=\"xrtl\">Sie<\/span> <span class=\"xrtl\">zust\u00e4ndige<\/span> <span class=\"xrtl\">Aufsichtsbeh\u00f6rde<\/span> <span class=\"xrtl\">wenden.<\/span> <span class=\"xrtl\">Ihre<\/span> <span class=\"xrtl\">zust\u00e4ndige<\/span> <span class=\"xrtl\">Aufsichtsbeh\u00f6rde<\/span> <span class=\"xrtl\">richtet sich<\/span> <span class=\"xrtl\">nach<\/span> <span class=\"xrtl\">dem<\/span> <span class=\"xrtl\">Bundesland<\/span> <span class=\"xrtl\">Ihres<\/span> <span class=\"xrtl\">Wohnsitzes,<\/span> <span class=\"xrtl\">Ihrer<\/span> <span class=\"xrtl\">Arbeit<\/span> <span class=\"xrtl\">oder<\/span> <span class=\"xrtl\">der<\/span> <span class=\"xrtl\">mutma\u00dflichen<\/span> <span class=\"xrtl\">Verletzung.<\/span> <span class=\"xrtl\">Eine<\/span> <span class=\"xrtl\">Liste<\/span> <span class=\"xrtl\">der<\/span> <span class=\"xrtl\">Aufsichtsbeh\u00f6rden<\/span> <span class=\"xrtl\">(f\u00fcr<\/span> <span class=\"xrtl\">den nicht\u00f6ffentlichen Bereich) mit Anschrift finden Sie unter:<\/span> <span class=\"xrtl\"><a href=\"https:\/\/www.bfdi.bund.de\/DE\/Infothek\/Anschriften_Links\/anschriften_links-node.html\" target=\"_self\">https:\/\/www.bfdi.bund.de\/DE\/Infothek\/Anschriften_Links\/anschriften_links-node.html<\/a><\/span><\/p><p><strong>Zwecke der Datenverarbeitung durch die verantwortliche Stelle und Dritte<\/strong><\/p><p><span class=\"xrtl\">Wir<\/span> <span class=\"xrtl\">verarbeiten<\/span> <span class=\"xrtl\">Ihre<\/span> <span class=\"xrtl\">personenbezogenen<\/span> <span class=\"xrtl\">Daten<\/span> <span class=\"xrtl\">nur<\/span> <span class=\"xrtl\">zu<\/span> <span class=\"xrtl\">den<\/span> <span class=\"xrtl\">in<\/span> <span class=\"xrtl\">dieser<\/span> <span class=\"xrtl\">Datenschutzerkl\u00e4rung<\/span> <span class=\"xrtl\">genannten<\/span> <span class=\"xrtl\">Zwecken.<\/span> <span class=\"xrtl\">Eine<\/span> <span class=\"xrtl\">\u00dcbermittlung<\/span> <span class=\"xrtl\">Ihrer pers\u00f6nlichen<\/span> <span class=\"xrtl\">Daten<\/span> <span class=\"xrtl\">an<\/span> <span class=\"xrtl\">Dritte<\/span> <span class=\"xrtl\">zu<\/span> <span class=\"xrtl\">anderen<\/span> <span class=\"xrtl\">als<\/span> <span class=\"xrtl\">den<\/span> <span class=\"xrtl\">genannten<\/span> <span class=\"xrtl\">Zwecken<\/span> <span class=\"xrtl\">findet<\/span> <span class=\"xrtl\">nicht<\/span> <span class=\"xrtl\">statt.<\/span> <span class=\"xrtl\">Wir<\/span> <span class=\"xrtl\">geben<\/span> <span class=\"xrtl\">Ihre<\/span> <span class=\"xrtl\">pers\u00f6nlichen<\/span> <span class=\"xrtl\">Daten<\/span> <span class=\"xrtl\">nur<\/span> <span class=\"xrtl\">an<\/span> <span class=\"xrtl\">Dritte weiter, wenn:<\/span><\/p><p><span class=\"xrtl\">\u2022<\/span> <span class=\"xrtl\">Sie Ihre ausdr\u00fcckliche Einwilligung dazu erteilt haben<\/span><\/p><p><span class=\"xrtl\">\u2022<\/span> <span class=\"xrtl\">die Verarbeitung zur Abwicklung eines Vertrags mit Ihnen erforderlich ist<\/span><\/p><p><span class=\"xrtl\">\u2022<\/span> <span class=\"xrtl\">die Verarbeitung zur Erf\u00fcllung einer rechtlichen Verpflichtung erforderlich ist<\/span><\/p><p><span class=\"xrtl\">\u2022<\/span> <span class=\"xrtl\">die Verarbeitung zur Wahrung berechtigter Interessen erforderlich ist<\/span><\/p><p><span class=\"xrtl\">\u2022<\/span> <span class=\"xrtl\">und<\/span> <span class=\"xrtl\">kein<\/span> <span class=\"xrtl\">Grund<\/span> <span class=\"xrtl\">zur<\/span> <span class=\"xrtl\">Annahme<\/span> <span class=\"xrtl\">besteht,<\/span> <span class=\"xrtl\">dass<\/span> <span class=\"xrtl\">Sie<\/span> <span class=\"xrtl\">ein<\/span> <span class=\"xrtl\">\u00fcberwiegendes<\/span> <span class=\"xrtl\">schutzw\u00fcrdiges<\/span> <span class=\"xrtl\">Interesse<\/span> <span class=\"xrtl\">an<\/span> <span class=\"xrtl\">der<\/span> <span class=\"xrtl\">Nichtweitergabe<\/span> <span class=\"xrtl\">Ihrer<\/span> <span class=\"xrtl\">Daten haben.<\/span><\/p><p><strong>L\u00f6schung bzw. Sperrung der Daten<\/strong><\/p><p><span class=\"xrtl\">Wir<\/span> <span class=\"xrtl\">halten<\/span> <span class=\"xrtl\">uns<\/span> <span class=\"xrtl\">an<\/span> <span class=\"xrtl\">die<\/span> <span class=\"xrtl\">Grunds\u00e4tze<\/span> <span class=\"xrtl\">der<\/span> <span class=\"xrtl\">Datenvermeidung<\/span> <span class=\"xrtl\">und<\/span> <span class=\"xrtl\">Datensparsamkeit.<\/span> <span class=\"xrtl\">Wir<\/span> <span class=\"xrtl\">speichern<\/span> <span class=\"xrtl\">Ihre<\/span> <span class=\"xrtl\">personenbezogenen<\/span> <span class=\"xrtl\">Daten<\/span> <span class=\"xrtl\">daher<\/span> <span class=\"xrtl\">nur<\/span> <span class=\"xrtl\">so lange,<\/span> <span class=\"xrtl\">wie<\/span> <span class=\"xrtl\">dies<\/span> <span class=\"xrtl\">zur<\/span> <span class=\"xrtl\">Erreichung<\/span> <span class=\"xrtl\">der<\/span> <span class=\"xrtl\">hier<\/span> <span class=\"xrtl\">genannten<\/span> <span class=\"xrtl\">Zwecke<\/span> <span class=\"xrtl\">erforderlich<\/span> <span class=\"xrtl\">ist<\/span> <span class=\"xrtl\">oder<\/span> <span class=\"xrtl\">wie<\/span> <span class=\"xrtl\">es<\/span> <span class=\"xrtl\">die<\/span> <span class=\"xrtl\">vom<\/span> <span class=\"xrtl\">Gesetzgeber<\/span> <span class=\"xrtl\">vorgesehenen<\/span> <span class=\"xrtl\">vielf\u00e4ltigen Speicherfristen<\/span> <span class=\"xrtl\">vorsehen.<\/span> <span class=\"xrtl\">Nach<\/span> <span class=\"xrtl\">Fortfall<\/span> <span class=\"xrtl\">des<\/span> <span class=\"xrtl\">jeweiligen<\/span> <span class=\"xrtl\">Zweckes<\/span> <span class=\"xrtl\">bzw.<\/span> <span class=\"xrtl\">Ablauf<\/span> <span class=\"xrtl\">dieser<\/span> <span class=\"xrtl\">Fristen<\/span> <span class=\"xrtl\">werden<\/span> <span class=\"xrtl\">die<\/span> <span class=\"xrtl\">entsprechenden<\/span> <span class=\"xrtl\">Daten<\/span> <span class=\"xrtl\">routinem\u00e4\u00dfig und entsprechend den gesetzlichen Vorschriften gesperrt oder gel\u00f6scht.<\/span><\/p><p><strong>Kontaktformular<\/strong><\/p><p><span class=\"xrtl\">Treten<\/span> <span class=\"xrtl\">Sie<\/span> <span class=\"xrtl\">bzgl.<\/span> <span class=\"xrtl\">Fragen<\/span> <span class=\"xrtl\">jeglicher<\/span> <span class=\"xrtl\">Art<\/span> <span class=\"xrtl\">per<\/span> <span class=\"xrtl\">E-Mail<\/span> <span class=\"xrtl\">oder<\/span> <span class=\"xrtl\">Kontaktformular<\/span> <span class=\"xrtl\">mit<\/span> <span class=\"xrtl\">uns<\/span> <span class=\"xrtl\">in<\/span> <span class=\"xrtl\">Kontakt,<\/span> <span class=\"xrtl\">erteilen<\/span> <span class=\"xrtl\">Sie<\/span> <span class=\"xrtl\">uns<\/span> <span class=\"xrtl\">zum<\/span> <span class=\"xrtl\">Zwecke<\/span> <span class=\"xrtl\">der<\/span> <span class=\"xrtl\">Kontaktaufnahme Ihre<\/span> <span class=\"xrtl\">freiwillige<\/span> <span class=\"xrtl\">Einwilligung.<\/span> <span class=\"xrtl\">Hierf\u00fcr<\/span> <span class=\"xrtl\">ist<\/span> <span class=\"xrtl\">die<\/span> <span class=\"xrtl\">Angabe<\/span> <span class=\"xrtl\">einer<\/span> <span class=\"xrtl\">validen<\/span> <span class=\"xrtl\">E-Mail-Adresse<\/span> <span class=\"xrtl\">erforderlich.<\/span> <span class=\"xrtl\">Diese<\/span> <span class=\"xrtl\">dient<\/span> <span class=\"xrtl\">der<\/span> <span class=\"xrtl\">Zuordnung<\/span> <span class=\"xrtl\">der<\/span> <span class=\"xrtl\">Anfrage<\/span> <span class=\"xrtl\">und<\/span> <span class=\"xrtl\">der anschlie\u00dfenden<\/span> <span class=\"xrtl\">Beantwortung<\/span> <span class=\"xrtl\">derselben.<\/span> <span class=\"xrtl\">Die<\/span> <span class=\"xrtl\">Angabe<\/span> <span class=\"xrtl\">weiterer<\/span> <span class=\"xrtl\">Daten<\/span> <span class=\"xrtl\">ist<\/span> <span class=\"xrtl\">optional.<\/span> <span class=\"xrtl\">Die<\/span> <span class=\"xrtl\">von<\/span> <span class=\"xrtl\">Ihnen<\/span> <span class=\"xrtl\">gemachten<\/span> <span class=\"xrtl\">Angaben<\/span> <span class=\"xrtl\">werden<\/span> <span class=\"xrtl\">zum<\/span> <span class=\"xrtl\">Zwecke der<\/span> <span class=\"xrtl\">Bearbeitung<\/span> <span class=\"xrtl\">der<\/span> <span class=\"xrtl\">Anfrage<\/span> <span class=\"xrtl\">sowie<\/span> <span class=\"xrtl\">f\u00fcr<\/span> <span class=\"xrtl\">m\u00f6gliche<\/span> <span class=\"xrtl\">Anschlussfragen<\/span> <span class=\"xrtl\">gespeichert.<\/span> <span class=\"xrtl\">Nach<\/span> <span class=\"xrtl\">Erledigung<\/span> <span class=\"xrtl\">der<\/span> <span class=\"xrtl\">von<\/span> <span class=\"xrtl\">Ihnen<\/span> <span class=\"xrtl\">gestellten<\/span> <span class=\"xrtl\">Anfrage<\/span> <span class=\"xrtl\">werden personenbezogene Daten automatisch gel\u00f6scht.<\/span><\/p><p><strong>\u00c4nderung unserer Datenschutzbestimmungen<\/strong><\/p><p><span class=\"xrtl\">Wir<\/span> <span class=\"xrtl\">behalten<\/span> <span class=\"xrtl\">uns<\/span> <span class=\"xrtl\">vor,<\/span> <span class=\"xrtl\">diese<\/span> <span class=\"xrtl\">Datenschutzerkl\u00e4rung<\/span> <span class=\"xrtl\">anzupassen,<\/span> <span class=\"xrtl\">damit<\/span> <span class=\"xrtl\">sie<\/span> <span class=\"xrtl\">stets<\/span> <span class=\"xrtl\">den<\/span> <span class=\"xrtl\">aktuellen<\/span> <span class=\"xrtl\">rechtlichen<\/span> <span class=\"xrtl\">Anforderungen<\/span> <span class=\"xrtl\">entspricht<\/span> <span class=\"xrtl\">oder<\/span> <span class=\"xrtl\">um \u00c4nderungen<\/span> <span class=\"xrtl\">unserer<\/span> <span class=\"xrtl\">Leistungen<\/span> <span class=\"xrtl\">in<\/span> <span class=\"xrtl\">der<\/span> <span class=\"xrtl\">Datenschutzerkl\u00e4rung<\/span> <span class=\"xrtl\">umzusetzen,<\/span> <span class=\"xrtl\">z.B.<\/span> <span class=\"xrtl\">bei<\/span> <span class=\"xrtl\">der<\/span> <span class=\"xrtl\">Einf\u00fchrung<\/span> <span class=\"xrtl\">neuer<\/span> <span class=\"xrtl\">Services.<\/span> <span class=\"xrtl\">F\u00fcr<\/span> <span class=\"xrtl\">Ihren<\/span> <span class=\"xrtl\">erneuten<\/span> <span class=\"xrtl\">Besuch gilt dann die neue Datenschutzerkl\u00e4rung.<\/span><\/p><p><strong>Fragen an den Datenschutzbeauftragten<\/strong><\/p><p><span class=\"xrtl\">Wenn<\/span> <span class=\"xrtl\">Sie<\/span> <span class=\"xrtl\">Fragen<\/span> <span class=\"xrtl\">zum<\/span> <span class=\"xrtl\">Datenschutz<\/span> <span class=\"xrtl\">haben,<\/span> <span class=\"xrtl\">schreiben<\/span> <span class=\"xrtl\">Sie<\/span> <span class=\"xrtl\">uns<\/span> <span class=\"xrtl\">bitte<\/span> <span class=\"xrtl\">eine<\/span> <span class=\"xrtl\">E-Mail<\/span> <span class=\"xrtl\">oder<\/span> <span class=\"xrtl\">wenden<\/span> <span class=\"xrtl\">Sie<\/span> <span class=\"xrtl\">sich<\/span> <span class=\"xrtl\">direkt<\/span> <span class=\"xrtl\">an<\/span> <span class=\"xrtl\">die<\/span> <span class=\"xrtl\">f\u00fcr<\/span> <span class=\"xrtl\">den<\/span> <span class=\"xrtl\">Datenschutz verantwortliche Person in unserer Organisation:<\/span><\/p><p><span class=\"xrtl\">Mehmet G\u00f6ktepe<br \/><\/span><\/p>\t\t\t\t\t\t\t\t<\/div>\n\t\t\t\t<\/div>\n\t\t\t\t\t<\/div>\n\t\t<\/div>\n\t\t\t\t\t<\/div>\n\t\t<\/section>\n\t\t\t\t<\/div>\n\t\t","protected":false},"excerpt":{"rendered":"<p>DATENSCHUTZ Ihre Betroffenenrechte Unter den angegebenen Kontaktdaten k\u00f6nnen Sie jederzeit folgende Rechte aus\u00fcben: \u2022 Auskunft \u00fcber Ihre bei uns gespeicherten Daten und deren Verarbeitung \u2022 Berichtigung unrichtiger personenbezogener Daten \u2022 L\u00f6schung Ihrer bei uns gespeicherten Daten \u2022 Einschr\u00e4nkung der Datenverarbeitung, sofern wir Ihre Daten aufgrund gesetzlicher Pflichten noch nicht l\u00f6schen d\u00fcrfen \u2022 Widerspruch gegen die [&hellip;]<\/p>\n","protected":false},"author":1,"featured_media":0,"parent":0,"menu_order":0,"comment_status":"closed","ping_status":"closed","template":"","meta":{"ocean_post_layout":"","ocean_both_sidebars_style":"","ocean_both_sidebars_content_width":0,"ocean_both_sidebars_sidebars_width":0,"ocean_sidebar":"0","ocean_second_sidebar":"0","ocean_disable_margins":"enable","ocean_add_body_class":"","ocean_shortcode_before_top_bar":"","ocean_shortcode_after_top_bar":"","ocean_shortcode_before_header":"","ocean_shortcode_after_header":"","ocean_has_shortcode":"","ocean_shortcode_after_title":"","ocean_shortcode_before_footer_widgets":"","ocean_shortcode_after_footer_widgets":"","ocean_shortcode_before_footer_bottom":"","ocean_shortcode_after_footer_bottom":"","ocean_display_top_bar":"default","ocean_display_header":"default","ocean_header_style":"","ocean_center_header_left_menu":"0","ocean_custom_header_template":"0","ocean_custom_logo":0,"ocean_custom_retina_logo":0,"ocean_custom_logo_max_width":0,"ocean_custom_logo_tablet_max_width":0,"ocean_custom_logo_mobile_max_width":0,"ocean_custom_logo_max_height":0,"ocean_custom_logo_tablet_max_height":0,"ocean_custom_logo_mobile_max_height":0,"ocean_header_custom_menu":"0","ocean_menu_typo_font_family":"0","ocean_menu_typo_font_subset":"","ocean_menu_typo_font_size":0,"ocean_menu_typo_font_size_tablet":0,"ocean_menu_typo_font_size_mobile":0,"ocean_menu_typo_font_size_unit":"px","ocean_menu_typo_font_weight":"","ocean_menu_typo_font_weight_tablet":"","ocean_menu_typo_font_weight_mobile":"","ocean_menu_typo_transform":"","ocean_menu_typo_transform_tablet":"","ocean_menu_typo_transform_mobile":"","ocean_menu_typo_line_height":0,"ocean_menu_typo_line_height_tablet":0,"ocean_menu_typo_line_height_mobile":0,"ocean_menu_typo_line_height_unit":"","ocean_menu_typo_spacing":0,"ocean_menu_typo_spacing_tablet":0,"ocean_menu_typo_spacing_mobile":0,"ocean_menu_typo_spacing_unit":"","ocean_menu_link_color":"","ocean_menu_link_color_hover":"","ocean_menu_link_color_active":"","ocean_menu_link_background":"","ocean_menu_link_hover_background":"","ocean_menu_link_active_background":"","ocean_menu_social_links_bg":"","ocean_menu_social_hover_links_bg":"","ocean_menu_social_links_color":"","ocean_menu_social_hover_links_color":"","ocean_disable_title":"on","ocean_disable_heading":"default","ocean_post_title":"","ocean_post_subheading":"","ocean_post_title_style":"","ocean_post_title_background_color":"","ocean_post_title_background":0,"ocean_post_title_bg_image_position":"","ocean_post_title_bg_image_attachment":"","ocean_post_title_bg_image_repeat":"","ocean_post_title_bg_image_size":"","ocean_post_title_height":0,"ocean_post_title_bg_overlay":0.5,"ocean_post_title_bg_overlay_color":"","ocean_disable_breadcrumbs":"default","ocean_breadcrumbs_color":"","ocean_breadcrumbs_separator_color":"","ocean_breadcrumbs_links_color":"","ocean_breadcrumbs_links_hover_color":"","ocean_display_footer_widgets":"default","ocean_display_footer_bottom":"default","ocean_custom_footer_template":"0","footnotes":""},"class_list":["post-10","page","type-page","status-publish","hentry","entry"],"_links":{"self":[{"href":"https:\/\/elektroservice-mg.de\/index.php?rest_route=\/wp\/v2\/pages\/10"}],"collection":[{"href":"https:\/\/elektroservice-mg.de\/index.php?rest_route=\/wp\/v2\/pages"}],"about":[{"href":"https:\/\/elektroservice-mg.de\/index.php?rest_route=\/wp\/v2\/types\/page"}],"author":[{"embeddable":true,"href":"https:\/\/elektroservice-mg.de\/index.php?rest_route=\/wp\/v2\/users\/1"}],"replies":[{"embeddable":true,"href":"https:\/\/elektroservice-mg.de\/index.php?rest_route=%2Fwp%2Fv2%2Fcomments&post=10"}],"version-history":[{"count":7,"href":"https:\/\/elektroservice-mg.de\/index.php?rest_route=\/wp\/v2\/pages\/10\/revisions"}],"predecessor-version":[{"id":140,"href":"https:\/\/elektroservice-mg.de\/index.php?rest_route=\/wp\/v2\/pages\/10\/revisions\/140"}],"wp:attachment":[{"href":"https:\/\/elektroservice-mg.de\/index.php?rest_route=%2Fwp%2Fv2%2Fmedia&parent=10"}],"curies":[{"name":"wp","href":"https:\/\/api.w.org\/{rel}","templated":true}]}}